{"id":52,"date":"2025-03-26T22:17:10","date_gmt":"2025-03-26T22:17:10","guid":{"rendered":"https:\/\/orapluma.ro\/en\/?page_id=52"},"modified":"2025-03-26T22:17:29","modified_gmt":"2025-03-26T22:17:29","slug":"products","status":"publish","type":"page","link":"https:\/\/orapluma.ro\/en\/products\/","title":{"rendered":"Products"},"content":{"rendered":"\n<p>Our production cycle, it\u2019s able to provide:<\/p>\n\n\n\n<div class=\"wp-block-group production-step even before-content-1 has-global-padding is-layout-constrained wp-block-group-is-layout-constrained\" style=\"margin-top:var(--wp--preset--spacing--70)\">\n<h2 class=\"wp-block-heading has-primary-color has-text-color has-link-color has-medium-font-size wp-elements-314522c8ad99e7b298251dac028abe79\" style=\"margin-top:0;margin-bottom:var(--wp--preset--spacing--50);font-style:normal;font-weight:800;text-transform:uppercase\">Raw materials<\/h2>\n\n\n\n<figure class=\"wp-block-image alignright size-full\"><img loading=\"lazy\" decoding=\"async\" width=\"200\" height=\"150\" src=\"https:\/\/orapluma.ro\/en\/wp-content\/uploads\/sites\/3\/2025\/03\/2-2.jpg\" alt=\"\" class=\"wp-image-53\"\/><\/figure>\n\n\n\n<p>Feathers and Down, the whole range of materials for upholstery cleaned and sterilized for each use, and in each sector.<\/p>\n\n\n\n<p>From the feather cushions for sofa\u2019s furniture, to the precious down flake 95% for garments and quilts for the bed of high quality.<\/p>\n\n\n\n<p>Orapluma is able to provide all the necessary health certificates for the import and export of Feathers and Down.<\/p>\n\n\n\n<p>Natural and synthetic fabrics for specific containment and maintenance of Feather and Down,(Feather-proof and Down-proof).<\/p>\n\n\n\n<p>Padding with polyester staple for the upholstered furniture industry and for filling of cushions, pillow and quilts.<a href=\"images\/productie-selectionare.jpg\"><\/a><\/p>\n<\/div>\n\n\n\n<div class=\"wp-block-group production-step odd before-content-2 has-global-padding is-layout-constrained wp-block-group-is-layout-constrained\" style=\"margin-top:var(--wp--preset--spacing--70)\">\n<h2 class=\"wp-block-heading has-primary-color has-text-color has-link-color has-medium-font-size wp-elements-af063fe7053f27c1d119dbc591c10ccb\" style=\"margin-top:0;margin-bottom:var(--wp--preset--spacing--50);font-style:normal;font-weight:800;text-transform:uppercase\">Partly finished products<\/h2>\n\n\n\n<figure class=\"wp-block-image alignleft size-full\"><img loading=\"lazy\" decoding=\"async\" width=\"200\" height=\"150\" src=\"https:\/\/orapluma.ro\/en\/wp-content\/uploads\/sites\/3\/2025\/03\/31.jpg\" alt=\"\" class=\"wp-image-54\"\/><\/figure>\n\n\n\n<p>Interior upholstered in goose Down for clothing (feather bags).<\/p>\n\n\n\n<p>Our modern machinery at our disposals, and our competence in the production of jackets padded down, allow us to project, manufacture and fill any type of internal padded garments. We can only provide the padded bag-down or the finished garment product (with client\u2019s brand).<\/p>\n\n\n\n<p>Our industry expertise and tailoring it\u2019s now widely recognized by major European customers.<a href=\"images\/productie-selectionare.jpg\"><\/a><\/p>\n\n\n\n<figure class=\"wp-block-image alignright size-full\"><img loading=\"lazy\" decoding=\"async\" width=\"200\" height=\"150\" src=\"https:\/\/orapluma.ro\/en\/wp-content\/uploads\/sites\/3\/2025\/03\/6.jpg\" alt=\"\" class=\"wp-image-57\"\/><\/figure>\n\n\n\n<p>Cushions and components for upholstered sofas, armchairs, sofas.<\/p>\n\n\n\n<p>In addition to everything in Feather pillow, we design seats and backs mixed with feathers and polyester fiber or feathers and polyurethane foam.<\/p>\n\n\n\n<p>Constructive solutions are designed in cooperation with the client, to produce optimal products.<\/p>\n\n\n\n<p>Our long experience in this field of cushion making, is guarantee of competence and service quality.<a href=\"images\/productie-selectionare.jpg\"><\/a><\/p>\n<\/div>\n\n\n\n<div class=\"wp-block-group production-step even before-content-3 has-global-padding is-layout-constrained wp-block-group-is-layout-constrained\" style=\"margin-top:var(--wp--preset--spacing--70)\">\n<h2 class=\"wp-block-heading has-primary-color has-text-color has-link-color has-medium-font-size wp-elements-33e97d8a12d075221291779a96a700ff\" style=\"margin-top:0;margin-bottom:var(--wp--preset--spacing--50);font-style:normal;font-weight:800;text-transform:uppercase\">Finished products<\/h2>\n\n\n\n<figure class=\"wp-block-image alignright size-full\"><img loading=\"lazy\" decoding=\"async\" width=\"200\" height=\"150\" src=\"https:\/\/orapluma.ro\/en\/wp-content\/uploads\/sites\/3\/2025\/03\/4-1.jpg\" alt=\"\" class=\"wp-image-56\"\/><\/figure>\n\n\n\n<p>Este prima opera\u0163ie.<\/p>\n\n\n\n<p>Orapluma recolteaz\u0103 penele de g\u00e2sc\u0103 la locul de origine, verific\u00e2ndu-le deja \u00een timpul achizi\u0163iei;<\/p>\n\n\n\n<p>Odat\u0103 clasificat, produsul este selec\u0163ionat cu ajutorul unor utilaje automate, care se bazeaz\u0103 pe diferen\u0163a \u00een greutate a penelor \u015fi a pufului;<\/p>\n\n\n\n<p>astfel se ob\u0163in diferite tipuri de pene, pene mici \u015fi puf, produse ce urmeaz\u0103 a fi \u00eentrebuin\u0163ate \u00een varii sectoare de produc\u0163ie.<a href=\"images\/productie-selectionare.jpg\"><\/a><\/p>\n<\/div>\n","protected":false},"excerpt":{"rendered":"<p>Our production cycle, it\u2019s able to provide: Raw materials Feathers and Down, the whole range of materials for upholstery cleaned and sterilized for each use, and in each sector. From the feather cushions for sofa\u2019s furniture, to the precious down flake 95% for garments and quilts for the bed of high quality. Orapluma is able [&hellip;]<\/p>\n","protected":false},"author":1,"featured_media":0,"parent":0,"menu_order":0,"comment_status":"closed","ping_status":"closed","template":"","meta":{"_acf_changed":false,"footnotes":""},"class_list":["post-52","page","type-page","status-publish","hentry"],"acf":[],"_links":{"self":[{"href":"https:\/\/orapluma.ro\/en\/wp-json\/wp\/v2\/pages\/52","targetHints":{"allow":["GET"]}}],"collection":[{"href":"https:\/\/orapluma.ro\/en\/wp-json\/wp\/v2\/pages"}],"about":[{"href":"https:\/\/orapluma.ro\/en\/wp-json\/wp\/v2\/types\/page"}],"author":[{"embeddable":true,"href":"https:\/\/orapluma.ro\/en\/wp-json\/wp\/v2\/users\/1"}],"replies":[{"embeddable":true,"href":"https:\/\/orapluma.ro\/en\/wp-json\/wp\/v2\/comments?post=52"}],"version-history":[{"count":2,"href":"https:\/\/orapluma.ro\/en\/wp-json\/wp\/v2\/pages\/52\/revisions"}],"predecessor-version":[{"id":59,"href":"https:\/\/orapluma.ro\/en\/wp-json\/wp\/v2\/pages\/52\/revisions\/59"}],"wp:attachment":[{"href":"https:\/\/orapluma.ro\/en\/wp-json\/wp\/v2\/media?parent=52"}],"curies":[{"name":"wp","href":"https:\/\/api.w.org\/{rel}","templated":true}]}}