{"id":60,"date":"2025-03-27T17:33:35","date_gmt":"2025-03-27T17:33:35","guid":{"rendered":"https:\/\/orapluma.ro\/it\/?page_id=60"},"modified":"2025-03-27T17:46:56","modified_gmt":"2025-03-27T17:46:56","slug":"politica-sui-cookie","status":"publish","type":"page","link":"https:\/\/orapluma.ro\/it\/politica-sui-cookie\/","title":{"rendered":"Politica sui cookie"},"content":{"rendered":"\n<p>Questo sito web utilizza cookie propri e di terze parti per offrire ai visitatori un&#8217;esperienza di navigazione migliore e servizi su misura per le esigenze e gli interessi di ogni persona.<\/p>\n\n\n\n<p>I cookie svolgono un ruolo importante nel facilitare l&#8217;accesso e la fornitura di molteplici servizi di cui l&#8217;utente beneficia tramite l&#8217;uso di Internet, quali:<\/p>\n\n\n\n<ul class=\"wp-block-list\">\n<li>Personalizzazione di alcune impostazioni quali: la lingua in cui viene visualizzato un sito, accesso alle vecchie preferenze tramite i pulsanti &#8220;avanti&#8221; e &#8220;indietro&#8221;.<\/li>\n\n\n\n<li>I cookie forniscono ai proprietari di siti web informazioni su come i loro siti vengono utilizzati dagli utenti, in modo da renderli pi\u00f9 efficienti e accessibili agli utenti.<\/li>\n\n\n\n<li>Consentono di includere in un sito specifico contenuti multimediali o altre applicazioni provenienti da altri siti, per creare un&#8217;esperienza di navigazione pi\u00f9 utile, piacevole e di valore.<\/li>\n<\/ul>\n\n\n\n<h2 class=\"wp-block-heading\">Che cosa \u00e8 un \u201ccookie\u201d?<\/h2>\n\n\n\n<p>Un cookie \u00e8 un piccolo file di testo che viene memorizzato sul computer, sul dispositivo mobile o su altri dispositivi dell&#8217;utente tramite i quali si accede a Internet.<\/p>\n\n\n\n<p>Il cookie \u00e8 completamente \u201cpassivo\u201d (non contiene software, virus o spyware e non pu\u00f2 accedere alle informazioni presenti sui dispositivi di archiviazione dell\u2019utente).<\/p>\n\n\n\n<p>I cookie non richiedono l&#8217;utilizzo di informazioni personali e, nella maggior parte dei casi, non identificano personalmente gli utenti di Internet.<\/p>\n\n\n\n<h3 class=\"wp-block-heading\">Principali categorie di cookie<\/h3>\n\n\n\n<p>Esistono due categorie principali di cookie:<\/p>\n\n\n\n<ul class=\"wp-block-list\">\n<li>Cookie di sessione: vengono memorizzati temporaneamente nella cartella dei cookie del browser Web in modo che vengano ricordati fino a quando l&#8217;utente non abbandona il sito Web o chiude la finestra del browser;<\/li>\n\n\n\n<li>Cookie persistenti: vengono memorizzati nella memoria di un computer o dispositivo (in genere, dipende dalla durata predefinita del cookie). I cookie persistenti includono anche quelli inseriti da un sito web diverso da quello che l&#8217;utente sta visitando in quel momento, noti come &#8220;cookie di terze parti&#8221;, che possono essere utilizzati in forma anonima per ricordare gli interessi dell&#8217;utente.<\/li>\n<\/ul>\n\n\n\n<h3 class=\"wp-block-heading\">Quali sono i vantaggi dei cookie?<\/h3>\n\n\n\n<p>Un cookie contiene informazioni che collegano un browser web (l&#8217;utente) e uno specifico server web (il sito web). Se un utente accede nuovamente a quel sito web, pu\u00f2 leggere le informazioni gi\u00e0 memorizzate e reagire di conseguenza. I cookie garantiscono agli utenti un&#8217;esperienza di navigazione piacevole e supportano gli sforzi di molti siti web nel fornire servizi confortevoli (ad esempio, preferenze sulla privacy online, opzioni di lingua del sito, ecc.).<\/p>\n\n\n\n<h3 class=\"wp-block-heading\">Qual \u00e8 la durata di vita di un cookie?<\/h3>\n\n\n\n<p>I cookie sono gestiti dai server web. La durata di vita di un cookie pu\u00f2 variare notevolmente a seconda dello scopo per cui viene utilizzato. Alcuni cookie vengono utilizzati esclusivamente per una singola sessione (cookie di sessione) e non vengono pi\u00f9 conservati una volta che l&#8217;utente ha abbandonato il sito web, mentre altri cookie vengono conservati e riutilizzati ogni volta che l&#8217;utente torna sullo stesso sito web (cookie persistenti). I cookie possono essere eliminati dall&#8217;utente in qualsiasi momento tramite le impostazioni del browser.<\/p>\n\n\n\n<h3 class=\"wp-block-heading\">Cosa sono i cookie di terze parti?<\/h3>\n\n\n\n<p>Alcune sezioni di contenuto di alcuni siti potrebbero essere fornite tramite terze parti\/fornitori (ad esempio un video o una pubblicit\u00e0). Anche queste terze parti possono inserire cookie tramite il sito e sono chiamati &#8220;cookie di terze parti&#8221; perch\u00e9 non vengono inseriti dal proprietario del rispettivo sito web. Anche i fornitori terzi devono rispettare la legge applicabile e le norme sulla privacy del proprietario del sito web.<\/p>\n\n\n\n<h2 class=\"wp-block-heading\">Come vengono utilizzati i cookie da questo sito<\/h2>\n\n\n\n<p>Una visita a questo sito potrebbe posizionare cookie allo scopo di:<\/p>\n\n\n\n<ul class=\"wp-block-list\">\n<li>Cookie di prestazione del sito web;<\/li>\n\n\n\n<li>Cookie di analisi dei visitatori;<\/li>\n\n\n\n<li>Cookie di geotargeting;<\/li>\n\n\n\n<li>Cookie di registrazione;<\/li>\n<\/ul>\n\n\n\n<h3 class=\"wp-block-heading\">Cookie di prestazione<\/h3>\n\n\n\n<p>Questo tipo di cookie ricorda le preferenze dell&#8217;utente su questo sito, quindi non \u00e8 necessario reimpostarle ogni volta che si visita il sito.<\/p>\n\n\n\n<p>Esempi:<\/p>\n\n\n\n<ul class=\"wp-block-list\">\n<li>impostazioni del volume del lettore video;<\/li>\n\n\n\n<li>la velocit\u00e0 di streaming video compatibile con il browser.<\/li>\n<\/ul>\n\n\n\n<h3 class=\"wp-block-heading\">Cookie per l&#8217;analisi dei visitatori<\/h3>\n\n\n\n<p>Ogni volta che un utente visita questo sito, il software di analisi fornito da terze parti genera un cookie di analisi dell&#8217;utente. Questo cookie ci dice se hai gi\u00e0 visitato questo sito in precedenza. Il browser ti dir\u00e0 se hai questo cookie e, in caso contrario, ne verr\u00e0 generato uno. Permette di monitorare gli utenti unici che visitano il sito e la loro frequenza. Finch\u00e9 non sei registrato su questo sito, questo<\/p>\n\n\n\n<p>I cookie non possono essere utilizzati per identificare individui, ma solo per scopi statistici.<\/p>\n\n\n\n<h3 class=\"wp-block-heading\">Cookie di geotargeting<\/h3>\n\n\n\n<p>Questi cookie vengono utilizzati da un software che determina da quale paese proviene l&#8217;utente. \u00c8 completamente anonimo e viene utilizzato solo per indirizzare i contenuti, anche quando ci si trova sulla pagina del sito web in rumeno o in un&#8217;altra lingua.<\/p>\n\n\n\n<h3 class=\"wp-block-heading\">Cookie di registrazione<\/h3>\n\n\n\n<p>Quando ti registri su questo sito, generiamo un cookie che ci dice se sei registrato o meno. I nostri server utilizzano questi cookie per mostrarci l&#8217;account con cui sei registrato e se hai l&#8217;autorizzazione per un particolare servizio. Se non<\/p>\n\n\n\n<p>Se hai selezionato &#8220;Resta connesso&#8221;, questo cookie verr\u00e0 automaticamente eliminato quando chiudi il browser o il computer.<\/p>\n\n\n\n<h2 class=\"wp-block-heading\">Altri cookie di terze parti<\/h2>\n\n\n\n<p>In alcune pagine, terze parti potrebbero impostare i propri cookie anonimi allo scopo di monitorare il successo di un&#8217;applicazione o di personalizzarla. A causa delle modalit\u00e0 di utilizzo, questo sito non pu\u00f2 accedere a questi cookie, cos\u00ec come terze parti non possono accedere ai cookie detenuti da questo sito. Ad esempio, quando condividi un articolo utilizzando il pulsante dei social media su questo sito, il social network in questione registrer\u00e0 la tua attivit\u00e0.<\/p>\n\n\n\n<h2 class=\"wp-block-heading\">Perch\u00e9 i cookie sono importanti per Internet?<\/h2>\n\n\n\n<p>I cookie sono essenziali per il funzionamento efficiente di Internet e contribuiscono a creare un&#8217;esperienza di navigazione amichevole e su misura in base alle preferenze e agli interessi di ciascun utente. Rifiutare o disabilitare i cookie potrebbe rendere impossibile l&#8217;utilizzo di alcuni siti.<\/p>\n\n\n\n<p>Esempi di utilizzi importanti dei cookie (che non richiedono all&#8217;utente di autenticarsi tramite un account):<\/p>\n\n\n\n<ul class=\"wp-block-list\">\n<li>Contenuti e servizi personalizzati in base alle preferenze dell&#8217;utente: servizi pubblici e governativi, ecc.<\/li>\n\n\n\n<li>Offerte personalizzate in base agli interessi degli utenti: conservazione della password, preferenze linguistiche (ad esempio, visualizzazione dei risultati di ricerca in rumeno).<\/li>\n\n\n\n<li>Mantenimento dei filtri di protezione dei minori per quanto riguarda i contenuti Internet (opzioni modalit\u00e0 famiglia, funzioni di ricerca sicura).<\/li>\n\n\n\n<li>Funzionalit\u00e0 di misurazione, ottimizzazione e analisi, come la conferma di un certo livello di traffico su un sito web, quale tipo di contenuto viene visualizzato e come un utente raggiunge un sito web (ad esempio tramite motori di ricerca, direttamente, da altri siti web, ecc.). I siti web conducono queste analisi del loro utilizzo per migliorare i siti stessi a vantaggio degli utenti.<\/li>\n<\/ul>\n\n\n\n<h2 class=\"wp-block-heading\">Problemi di sicurezza e privacy<\/h2>\n\n\n\n<p>I cookie NON sono virus! Utilizzano formati di testo normale. Non sono costituiti da pezzi di codice, quindi non possono essere eseguiti o auto-eseguiti. Di conseguenza, non possono essere duplicati o replicati su altre reti per essere eseguiti nuovamente. Poich\u00e9 non possono svolgere queste funzioni, non possono essere considerati virus. Tuttavia, i cookie possono essere utilizzati anche per scopi negativi. Poich\u00e9 memorizzano informazioni sulle preferenze degli utenti e sulla cronologia di navigazione, sia su un sito specifico che su pi\u00f9 siti, i cookie possono essere utilizzati come una forma di spyware. Molti prodotti anti-spyware sono consapevoli di questo fatto e contrassegnano sistematicamente i cookie per l&#8217;eliminazione come parte delle loro procedure di rimozione\/scansione antivirus\/anti-spyware.<\/p>\n\n\n\n<p>In genere, i browser hanno impostazioni di privacy integrate che prevedono diversi livelli di accettazione dei cookie: periodo di validit\u00e0 ed eliminazione automatica dopo che l&#8217;utente ha visitato un sito specifico. Poich\u00e9 la protezione dell&#8217;identit\u00e0 \u00e8 molto preziosa e rappresenta un diritto di ogni utente di Internet, \u00e8 opportuno conoscere quali possibili problemi possono creare i cookie. Poich\u00e9 trasmettono costantemente informazioni tra il browser e il sito web in entrambe le direzioni, se un aggressore o una persona non autorizzata interviene durante la trasmissione dei dati, le informazioni contenute nel cookie possono essere intercettate. Anche se molto raro, questo pu\u00f2 accadere se il browser si connette al server tramite una rete non crittografata (ad esempio una rete Wi-Fi non protetta).<\/p>\n\n\n\n<p>Altri attacchi basati sui cookie comportano la perdita di cookie sui server. Se un sito web non indica al browser di utilizzare solo canali crittografati, gli aggressori possono sfruttare questa vulnerabilit\u00e0 per indurre i browser a inviare informazioni tramite canali non protetti. Gli aggressori utilizzano poi le informazioni per accedere in modo non autorizzato a determinati siti. \u00c8 molto importante prestare attenzione nella scelta del metodo pi\u00f9 appropriato per proteggere i propri dati personali.<\/p>\n\n\n\n<h2 class=\"wp-block-heading\">Consigli per una navigazione sicura e responsabile, basata sui cookie<\/h2>\n\n\n\n<p>Data la loro flessibilit\u00e0 e il fatto che la maggior parte dei siti web pi\u00f9 visitati e pi\u00f9 grandi utilizzano i cookie, sono quasi inevitabili. La disabilitazione dei cookie non consentir\u00e0 all&#8217;utente di accedere ai siti pi\u00f9 diffusi ed utilizzati,tra cui: Youtube, Gmail, Yahoo e altri.<\/p>\n\n\n\n<p>Ecco alcuni suggerimenti che possono garantirti una navigazione senza pensieri grazie all&#8217;aiuto dei cookie:<\/p>\n\n\n\n<ul class=\"wp-block-list\">\n<li>Personalizza le impostazioni del tuo browser relative ai cookie per adattarle al livello di sicurezza che desideri per quanto riguarda l&#8217;uso dei cookie. \u25cf<\/li>\n\n\n\n<li>Se i cookie non ti danno fastidio e sei l&#8217;unica persona a utilizzare il computer, puoi impostare tempi di scadenza lunghi per l&#8217;archiviazione della cronologia di navigazione e dei dati di accesso personali.<\/li>\n\n\n\n<li>Se condividi l&#8217;accesso al tuo computer, potresti prendere in considerazione l&#8217;idea di impostare il browser in modo che elimini i singoli dati di navigazione ogni volta che lo chiudi. \u00a0Si tratta di un modo per accedere ai siti che inseriscono cookie ed eliminare tutte le informazioni di navigazione quando si chiude la sessione di navigazione.<\/li>\n\n\n\n<li>Installa e aggiorna costantemente le tue applicazioni antispyware.<\/li>\n<\/ul>\n\n\n\n<p>Molte applicazioni di rilevamento e prevenzione dello spyware includono il rilevamento degli attacchi ai siti web.<\/p>\n\n\n\n<p>In questo modo si impedisce al browser di accedere a siti web che potrebbero sfruttare vulnerabilit\u00e0 o scaricare software pericolosi. Assicurati che il tuo browser sia sempre aggiornato. Molti attacchi basati sui cookie vengono eseguiti sfruttando le debolezze delle vecchie versioni dei browser.<\/p>\n\n\n\n<p>I cookie sono ovunque e non possono essere evitati se si desidera accedere ai siti migliori e pi\u00f9 grandi di Internet, sia locali che internazionali. Con una chiara comprensione del loro funzionamento e dei vantaggi che apportano, puoi adottare le misure di sicurezza necessarie per navigare su Internet in tutta sicurezza.<\/p>\n\n\n\n<h2 class=\"wp-block-heading\">Come posso disattivare i cookie?<\/h2>\n\n\n\n<p>La disabilitazione e il rifiuto di ricevere i cookie potrebbero rendere la visita e l&#8217;utilizzo di alcuni siti poco pratici o difficili. Inoltre, rifiutare i cookie non significa che non riceverai\/vedrai pi\u00f9 contenuti online.<\/p>\n\n\n\n<p>\u00c8 possibile impostare il browser in modo che non accetti pi\u00f9 questi cookie oppure in modo che accetti i cookie da un sito specifico.<\/p>\n\n\n\n<p>Tutti i browser moderni offrono la possibilit\u00e0 di modificare le impostazioni dei cookie. In genere, queste impostazioni si trovano nel menu &#8220;opzioni&#8221; o &#8220;preferenze&#8221; del browser.<\/p>\n\n\n\n<p>Per comprendere queste impostazioni, potrebbero esserti utili i seguenti link, altrimenti puoi usare l&#8217;opzione &#8220;aiuto&#8221; del browser per maggiori dettagli.<\/p>\n\n\n\n<ul class=\"wp-block-list\">\n<li><strong>Impostazioni dei cookie in Internet Explorer &#8211; <\/strong><a href=\"https:\/\/support.microsoft.com\/it\/help\/17442\/windows-internet-explorer-delete-manage-cookies\" target=\"_blank\" rel=\"noreferrer noopener\">https:\/\/support.microsoft.com\/it\/help\/17442\/windows-internet-explorer-delete-manage-cookies<\/a><\/li>\n\n\n\n<li><strong>Impostazioni dei cookie in Firefox <\/strong>&#8211; <a href=\"https:\/\/support.mozilla.org\/it\/kb\/cookies-information-siti-websites-store-on-your-computer?redirectlocale=it&amp;redirectslug=Cookies\" target=\"_blank\" rel=\"noreferrer noopener\">https:\/\/support.mozilla.org\/it\/kb\/cookies-information-siti-websites-store-on-your-computer?redirectlocale=it&amp;redirectslug=Cookies<\/a><\/li>\n\n\n\n<li><strong>Impostazioni dei cookie in Chrome<\/strong> &#8211; <a href=\"https:\/\/support.google.com\/chrome\/answer\/95647?hl=it\" target=\"_blank\" rel=\"noreferrer noopener\">https:\/\/support.google.com\/chrome\/answer\/95647?hl=it<\/a><\/li>\n\n\n\n<li><strong>Impostazioni dei cookie in Safari<\/strong> &#8211; <a href=\"https:\/\/support.apple.com\/guide\/safari\/manage-cookies-and-site-data-sfri11471\/mac\" target=\"_blank\" rel=\"noreferrer noopener\">https:\/\/support.apple.com\/guide\/safari\/manage-cookies-and-site-data-sfri11471\/mac<\/a><\/li>\n\n\n\n<li><strong>Per le impostazioni dei cookie di terze parti, puoi anche visitare il sito web: <\/strong><a href=\"http:\/\/www.youronlinechoices.com\/ro\/\" target=\"_blank\" rel=\"noreferrer noopener\">http:\/\/www.youronlinechoices.com\/ro\/<\/a><\/li>\n<\/ul>\n","protected":false},"excerpt":{"rendered":"<p>Questo sito web utilizza cookie propri e di terze parti per offrire ai visitatori un&#8217;esperienza di navigazione migliore e servizi su misura per le esigenze e gli interessi di ogni persona. I cookie svolgono un ruolo importante nel facilitare l&#8217;accesso e la fornitura di molteplici servizi di cui l&#8217;utente beneficia tramite l&#8217;uso di Internet, quali: [&hellip;]<\/p>\n","protected":false},"author":1,"featured_media":0,"parent":0,"menu_order":0,"comment_status":"closed","ping_status":"closed","template":"","meta":{"_acf_changed":false,"footnotes":""},"class_list":["post-60","page","type-page","status-publish","hentry"],"acf":[],"_links":{"self":[{"href":"https:\/\/orapluma.ro\/it\/wp-json\/wp\/v2\/pages\/60","targetHints":{"allow":["GET"]}}],"collection":[{"href":"https:\/\/orapluma.ro\/it\/wp-json\/wp\/v2\/pages"}],"about":[{"href":"https:\/\/orapluma.ro\/it\/wp-json\/wp\/v2\/types\/page"}],"author":[{"embeddable":true,"href":"https:\/\/orapluma.ro\/it\/wp-json\/wp\/v2\/users\/1"}],"replies":[{"embeddable":true,"href":"https:\/\/orapluma.ro\/it\/wp-json\/wp\/v2\/comments?post=60"}],"version-history":[{"count":3,"href":"https:\/\/orapluma.ro\/it\/wp-json\/wp\/v2\/pages\/60\/revisions"}],"predecessor-version":[{"id":63,"href":"https:\/\/orapluma.ro\/it\/wp-json\/wp\/v2\/pages\/60\/revisions\/63"}],"wp:attachment":[{"href":"https:\/\/orapluma.ro\/it\/wp-json\/wp\/v2\/media?parent=60"}],"curies":[{"name":"wp","href":"https:\/\/api.w.org\/{rel}","templated":true}]}}